{"id":2330,"date":"2020-10-29T23:38:26","date_gmt":"2020-10-29T20:38:26","guid":{"rendered":"https:\/\/fenomeninsaat.com.tr\/?page_id=2330"},"modified":"2022-06-05T23:13:42","modified_gmt":"2022-06-05T20:13:42","slug":"fenomen-gumustepe","status":"publish","type":"page","link":"https:\/\/fenomeninsaat.com.tr\/index.php\/fenomen-gumustepe\/","title":{"rendered":"Fenomen G\u00fcm\u00fc\u015ftepe"},"content":{"rendered":"\t\t<div data-elementor-type=\"wp-page\" data-elementor-id=\"2330\" class=\"elementor elementor-2330\">\n\t\t\t\t\t\t<section class=\"elementor-section elementor-top-section elementor-element elementor-element-234f158b elementor-section-boxed elementor-section-height-default elementor-section-height-default\" data-id=\"234f158b\" data-element_type=\"section\" data-e-type=\"section\">\n\t\t\t\t\t\t<div class=\"elementor-container elementor-column-gap-default\">\n\t\t\t\t\t<div class=\"elementor-column elementor-col-100 elementor-top-column elementor-element elementor-element-2f974d04\" data-id=\"2f974d04\" data-element_type=\"column\" data-e-type=\"column\">\n\t\t\t<div class=\"elementor-widget-wrap elementor-element-populated\">\n\t\t\t\t\t\t<div class=\"elementor-element elementor-element-242b325 elementor-widget elementor-widget-image-gallery\" data-id=\"242b325\" data-element_type=\"widget\" data-e-type=\"widget\" data-widget_type=\"image-gallery.default\">\n\t\t\t\t<div class=\"elementor-widget-container\">\n\t\t\t\t\t\t\t<div class=\"elementor-image-gallery\">\n\t\t\t<div id='gallery-1' class='gallery galleryid-2330 gallery-columns-3 gallery-size-thumbnail'><figure class='gallery-item'>\n\t\t\t<div class='gallery-icon landscape'>\n\t\t\t\t<a data-elementor-open-lightbox=\"yes\" data-elementor-lightbox-slideshow=\"242b325\" data-elementor-lightbox-title=\"Fenomen-Gumustepe-1\" data-e-action-hash=\"#elementor-action%3Aaction%3Dlightbox%26settings%3DeyJpZCI6MjY2NSwidXJsIjoiaHR0cHM6XC9cL2Zlbm9tZW5pbnNhYXQuY29tLnRyXC93cC1jb250ZW50XC91cGxvYWRzXC8yMDIyXC8wNlwvRmVub21lbi1HdW11c3RlcGUtMS5qcGVnIiwic2xpZGVzaG93IjoiMjQyYjMyNSJ9\" href='https:\/\/fenomeninsaat.com.tr\/wp-content\/uploads\/2022\/06\/Fenomen-Gumustepe-1.jpeg'><img decoding=\"async\" width=\"150\" height=\"150\" src=\"https:\/\/fenomeninsaat.com.tr\/wp-content\/uploads\/2022\/06\/Fenomen-Gumustepe-1-150x150.jpeg\" class=\"attachment-thumbnail size-thumbnail\" alt=\"\" srcset=\"https:\/\/fenomeninsaat.com.tr\/wp-content\/uploads\/2022\/06\/Fenomen-Gumustepe-1-150x150.jpeg 150w, https:\/\/fenomeninsaat.com.tr\/wp-content\/uploads\/2022\/06\/Fenomen-Gumustepe-1-800x800.jpeg 800w\" sizes=\"(max-width: 150px) 100vw, 150px\" \/><\/a>\n\t\t\t<\/div><\/figure><figure class='gallery-item'>\n\t\t\t<div class='gallery-icon landscape'>\n\t\t\t\t<a data-elementor-open-lightbox=\"yes\" data-elementor-lightbox-slideshow=\"242b325\" data-elementor-lightbox-title=\"Fenomen-Gumustepe-2\" data-e-action-hash=\"#elementor-action%3Aaction%3Dlightbox%26settings%3DeyJpZCI6MjY2NiwidXJsIjoiaHR0cHM6XC9cL2Zlbm9tZW5pbnNhYXQuY29tLnRyXC93cC1jb250ZW50XC91cGxvYWRzXC8yMDIyXC8wNlwvRmVub21lbi1HdW11c3RlcGUtMi5qcGVnIiwic2xpZGVzaG93IjoiMjQyYjMyNSJ9\" href='https:\/\/fenomeninsaat.com.tr\/wp-content\/uploads\/2022\/06\/Fenomen-Gumustepe-2.jpeg'><img decoding=\"async\" width=\"150\" height=\"150\" src=\"https:\/\/fenomeninsaat.com.tr\/wp-content\/uploads\/2022\/06\/Fenomen-Gumustepe-2-150x150.jpeg\" class=\"attachment-thumbnail size-thumbnail\" alt=\"\" srcset=\"https:\/\/fenomeninsaat.com.tr\/wp-content\/uploads\/2022\/06\/Fenomen-Gumustepe-2-150x150.jpeg 150w, https:\/\/fenomeninsaat.com.tr\/wp-content\/uploads\/2022\/06\/Fenomen-Gumustepe-2-800x800.jpeg 800w\" sizes=\"(max-width: 150px) 100vw, 150px\" \/><\/a>\n\t\t\t<\/div><\/figure><figure class='gallery-item'>\n\t\t\t<div class='gallery-icon landscape'>\n\t\t\t\t<a data-elementor-open-lightbox=\"yes\" data-elementor-lightbox-slideshow=\"242b325\" data-elementor-lightbox-title=\"Fenomen-Gumustepe-3\" data-e-action-hash=\"#elementor-action%3Aaction%3Dlightbox%26settings%3DeyJpZCI6MjY2NywidXJsIjoiaHR0cHM6XC9cL2Zlbm9tZW5pbnNhYXQuY29tLnRyXC93cC1jb250ZW50XC91cGxvYWRzXC8yMDIyXC8wNlwvRmVub21lbi1HdW11c3RlcGUtMy5qcGVnIiwic2xpZGVzaG93IjoiMjQyYjMyNSJ9\" href='https:\/\/fenomeninsaat.com.tr\/wp-content\/uploads\/2022\/06\/Fenomen-Gumustepe-3.jpeg'><img decoding=\"async\" width=\"150\" height=\"150\" src=\"https:\/\/fenomeninsaat.com.tr\/wp-content\/uploads\/2022\/06\/Fenomen-Gumustepe-3-150x150.jpeg\" class=\"attachment-thumbnail size-thumbnail\" alt=\"\" srcset=\"https:\/\/fenomeninsaat.com.tr\/wp-content\/uploads\/2022\/06\/Fenomen-Gumustepe-3-150x150.jpeg 150w, https:\/\/fenomeninsaat.com.tr\/wp-content\/uploads\/2022\/06\/Fenomen-Gumustepe-3-800x800.jpeg 800w\" sizes=\"(max-width: 150px) 100vw, 150px\" \/><\/a>\n\t\t\t<\/div><\/figure><figure class='gallery-item'>\n\t\t\t<div class='gallery-icon landscape'>\n\t\t\t\t<a data-elementor-open-lightbox=\"yes\" data-elementor-lightbox-slideshow=\"242b325\" data-elementor-lightbox-title=\"Fenomen-Gumustepe-4\" data-e-action-hash=\"#elementor-action%3Aaction%3Dlightbox%26settings%3DeyJpZCI6MjY2OCwidXJsIjoiaHR0cHM6XC9cL2Zlbm9tZW5pbnNhYXQuY29tLnRyXC93cC1jb250ZW50XC91cGxvYWRzXC8yMDIyXC8wNlwvRmVub21lbi1HdW11c3RlcGUtNC5qcGVnIiwic2xpZGVzaG93IjoiMjQyYjMyNSJ9\" href='https:\/\/fenomeninsaat.com.tr\/wp-content\/uploads\/2022\/06\/Fenomen-Gumustepe-4.jpeg'><img loading=\"lazy\" decoding=\"async\" width=\"150\" height=\"150\" src=\"https:\/\/fenomeninsaat.com.tr\/wp-content\/uploads\/2022\/06\/Fenomen-Gumustepe-4-150x150.jpeg\" class=\"attachment-thumbnail size-thumbnail\" alt=\"\" srcset=\"https:\/\/fenomeninsaat.com.tr\/wp-content\/uploads\/2022\/06\/Fenomen-Gumustepe-4-150x150.jpeg 150w, https:\/\/fenomeninsaat.com.tr\/wp-content\/uploads\/2022\/06\/Fenomen-Gumustepe-4-800x800.jpeg 800w\" sizes=\"(max-width: 150px) 100vw, 150px\" \/><\/a>\n\t\t\t<\/div><\/figure><figure class='gallery-item'>\n\t\t\t<div class='gallery-icon landscape'>\n\t\t\t\t<a data-elementor-open-lightbox=\"yes\" data-elementor-lightbox-slideshow=\"242b325\" data-elementor-lightbox-title=\"Fenomen-Gumustepe-6\" data-e-action-hash=\"#elementor-action%3Aaction%3Dlightbox%26settings%3DeyJpZCI6MjY2OSwidXJsIjoiaHR0cHM6XC9cL2Zlbm9tZW5pbnNhYXQuY29tLnRyXC93cC1jb250ZW50XC91cGxvYWRzXC8yMDIyXC8wNlwvRmVub21lbi1HdW11c3RlcGUtNi5qcGVnIiwic2xpZGVzaG93IjoiMjQyYjMyNSJ9\" href='https:\/\/fenomeninsaat.com.tr\/wp-content\/uploads\/2022\/06\/Fenomen-Gumustepe-6.jpeg'><img loading=\"lazy\" decoding=\"async\" width=\"150\" height=\"150\" src=\"https:\/\/fenomeninsaat.com.tr\/wp-content\/uploads\/2022\/06\/Fenomen-Gumustepe-6-150x150.jpeg\" class=\"attachment-thumbnail size-thumbnail\" alt=\"\" srcset=\"https:\/\/fenomeninsaat.com.tr\/wp-content\/uploads\/2022\/06\/Fenomen-Gumustepe-6-150x150.jpeg 150w, https:\/\/fenomeninsaat.com.tr\/wp-content\/uploads\/2022\/06\/Fenomen-Gumustepe-6-800x800.jpeg 800w\" sizes=\"(max-width: 150px) 100vw, 150px\" \/><\/a>\n\t\t\t<\/div><\/figure><figure class='gallery-item'>\n\t\t\t<div class='gallery-icon landscape'>\n\t\t\t\t<a data-elementor-open-lightbox=\"yes\" data-elementor-lightbox-slideshow=\"242b325\" data-elementor-lightbox-title=\"Fenomen-Gumustepe-7\" data-e-action-hash=\"#elementor-action%3Aaction%3Dlightbox%26settings%3DeyJpZCI6MjY3MCwidXJsIjoiaHR0cHM6XC9cL2Zlbm9tZW5pbnNhYXQuY29tLnRyXC93cC1jb250ZW50XC91cGxvYWRzXC8yMDIyXC8wNlwvRmVub21lbi1HdW11c3RlcGUtNy5qcGVnIiwic2xpZGVzaG93IjoiMjQyYjMyNSJ9\" href='https:\/\/fenomeninsaat.com.tr\/wp-content\/uploads\/2022\/06\/Fenomen-Gumustepe-7.jpeg'><img loading=\"lazy\" decoding=\"async\" width=\"150\" height=\"150\" src=\"https:\/\/fenomeninsaat.com.tr\/wp-content\/uploads\/2022\/06\/Fenomen-Gumustepe-7-150x150.jpeg\" class=\"attachment-thumbnail size-thumbnail\" alt=\"\" srcset=\"https:\/\/fenomeninsaat.com.tr\/wp-content\/uploads\/2022\/06\/Fenomen-Gumustepe-7-150x150.jpeg 150w, https:\/\/fenomeninsaat.com.tr\/wp-content\/uploads\/2022\/06\/Fenomen-Gumustepe-7-800x800.jpeg 800w\" sizes=\"(max-width: 150px) 100vw, 150px\" \/><\/a>\n\t\t\t<\/div><\/figure><figure class='gallery-item'>\n\t\t\t<div class='gallery-icon landscape'>\n\t\t\t\t<a data-elementor-open-lightbox=\"yes\" data-elementor-lightbox-slideshow=\"242b325\" data-elementor-lightbox-title=\"Fenomen-Gumustepe-8\" data-e-action-hash=\"#elementor-action%3Aaction%3Dlightbox%26settings%3DeyJpZCI6MjY3MiwidXJsIjoiaHR0cHM6XC9cL2Zlbm9tZW5pbnNhYXQuY29tLnRyXC93cC1jb250ZW50XC91cGxvYWRzXC8yMDIyXC8wNlwvRmVub21lbi1HdW11c3RlcGUtOC5qcGVnIiwic2xpZGVzaG93IjoiMjQyYjMyNSJ9\" href='https:\/\/fenomeninsaat.com.tr\/wp-content\/uploads\/2022\/06\/Fenomen-Gumustepe-8.jpeg'><img loading=\"lazy\" decoding=\"async\" width=\"150\" height=\"150\" src=\"https:\/\/fenomeninsaat.com.tr\/wp-content\/uploads\/2022\/06\/Fenomen-Gumustepe-8-150x150.jpeg\" class=\"attachment-thumbnail size-thumbnail\" alt=\"\" srcset=\"https:\/\/fenomeninsaat.com.tr\/wp-content\/uploads\/2022\/06\/Fenomen-Gumustepe-8-150x150.jpeg 150w, https:\/\/fenomeninsaat.com.tr\/wp-content\/uploads\/2022\/06\/Fenomen-Gumustepe-8-800x800.jpeg 800w\" sizes=\"(max-width: 150px) 100vw, 150px\" \/><\/a>\n\t\t\t<\/div><\/figure>\n\t\t<\/div>\n\t\t<\/div>\n\t\t\t\t\t\t<\/div>\n\t\t\t\t<\/div>\n\t\t\t\t\t<\/div>\n\t\t<\/div>\n\t\t\t\t\t<\/div>\n\t\t<\/section>\n\t\t\t\t<\/div>\n\t\t","protected":false},"excerpt":{"rendered":"","protected":false},"author":1,"featured_media":0,"parent":0,"menu_order":0,"comment_status":"closed","ping_status":"closed","template":"","meta":{"footnotes":""},"class_list":["post-2330","page","type-page","status-publish","hentry"],"_links":{"self":[{"href":"https:\/\/fenomeninsaat.com.tr\/index.php\/wp-json\/wp\/v2\/pages\/2330","targetHints":{"allow":["GET"]}}],"collection":[{"href":"https:\/\/fenomeninsaat.com.tr\/index.php\/wp-json\/wp\/v2\/pages"}],"about":[{"href":"https:\/\/fenomeninsaat.com.tr\/index.php\/wp-json\/wp\/v2\/types\/page"}],"author":[{"embeddable":true,"href":"https:\/\/fenomeninsaat.com.tr\/index.php\/wp-json\/wp\/v2\/users\/1"}],"replies":[{"embeddable":true,"href":"https:\/\/fenomeninsaat.com.tr\/index.php\/wp-json\/wp\/v2\/comments?post=2330"}],"version-history":[{"count":4,"href":"https:\/\/fenomeninsaat.com.tr\/index.php\/wp-json\/wp\/v2\/pages\/2330\/revisions"}],"predecessor-version":[{"id":2675,"href":"https:\/\/fenomeninsaat.com.tr\/index.php\/wp-json\/wp\/v2\/pages\/2330\/revisions\/2675"}],"wp:attachment":[{"href":"https:\/\/fenomeninsaat.com.tr\/index.php\/wp-json\/wp\/v2\/media?parent=2330"}],"curies":[{"name":"wp","href":"https:\/\/api.w.org\/{rel}","templated":true}]}}