{"id":199,"date":"2021-10-23T14:46:05","date_gmt":"2021-10-23T14:46:05","guid":{"rendered":"https:\/\/themelocker.tech\/dustra\/?page_id=199"},"modified":"2022-06-05T15:08:04","modified_gmt":"2022-06-05T12:08:04","slug":"about-us","status":"publish","type":"page","link":"https:\/\/fenomeninsaat.com.tr\/index.php\/about-us\/","title":{"rendered":"Fenomen \u0130n\u015faat Hakk\u0131m\u0131zda"},"content":{"rendered":"\t\t<div data-elementor-type=\"wp-page\" data-elementor-id=\"199\" class=\"elementor elementor-199\">\n\t\t\t\t\t\t<section class=\"elementor-section elementor-top-section elementor-element elementor-element-d2e76d4 elementor-section-full_width elementor-section-stretched elementor-section-height-default elementor-section-height-default\" data-id=\"d2e76d4\" data-element_type=\"section\" data-e-type=\"section\" data-settings=\"{&quot;stretch_section&quot;:&quot;section-stretched&quot;}\">\n\t\t\t\t\t\t<div class=\"elementor-container elementor-column-gap-no\">\n\t\t\t\t\t<div class=\"elementor-column elementor-col-100 elementor-top-column elementor-element elementor-element-4b8534a\" data-id=\"4b8534a\" data-element_type=\"column\" data-e-type=\"column\">\n\t\t\t<div class=\"elementor-widget-wrap elementor-element-populated\">\n\t\t\t\t\t\t<div class=\"elementor-element elementor-element-7dc233c elementor-widget elementor-widget-about\" data-id=\"7dc233c\" data-element_type=\"widget\" data-e-type=\"widget\" data-widget_type=\"about.default\">\n\t\t\t\t<div class=\"elementor-widget-container\">\n\t\t\t\t\t    <!-- Start Our About\r\n    ============================================= -->\r\n    <div class=\"about-area overflow-hidden shape-box default-padding\" >\r\n    \t <!-- Fixed Shape -->\r\n        <div class=\"fixed-shape\">\r\n            <img decoding=\"async\" src=\"https:\/\/fenomeninsaat.com.tr\/wp-content\/themes\/dustra\/assets\/img\/shape\/1.png\" alt=\"dustra\">\r\n        <\/div>\r\n        <!-- End Fixed Shape -->\r\n        <div class=\"container\">\r\n            <div class=\"about-box\">\r\n                <div class=\"row align-center\">\r\n                    <div class=\"col-lg-6 thumb-left\">\r\n                        <div class=\"thumb\">\r\n                        \t                        \t\t<img decoding=\"async\" class=\"item-mousemove\" src=\"https:\/\/fenomeninsaat.com.tr\/wp-content\/uploads\/2022\/06\/fenomen-ana-sayfa-sol-2.jpg\" alt=\"dustra\">\r\n                            \t\t\r\n                           \r\n                                                        <div class=\"experiecne\">\r\n                                <h2>10+<\/h2>\r\n                                <h5>Y\u0131ld\u0131r sizlere hizmet veriyoruz<\/h5>\r\n                            <\/div>\r\n                                                    <\/div>\r\n                    <\/div>\r\n                    <div class=\"col-lg-6 info\">\r\n                        <h2>Fenomen M\u00fchendislik ve Gayrimenkul<\/h2><p>Fenomen M\u00fchendislik, Mimarl\u0131k ve \u0130n\u015faat firmas\u0131\u00a0 10 y\u0131l\u0131 a\u015fk\u0131n s\u00fcredir yurti\u00e7i ve yurtd\u0131\u015f\u0131 deneyimini g\u00fcn\u00fcm\u00fcz ko\u015fullar\u0131nda harmanlayarak m\u00fc\u015fteri memnuniyetinden taviz vermeden yapt\u0131\u011f\u0131 i\u015flere aktaran mimar ve m\u00fchendis ortaklar taraf\u0131ndan kurulmu\u015ftur.<\/p><ul><li>M\u00fchendislik Hizmetlerimiz<\/li><li>Gayrimenkul De\u011ferleme<\/li><\/ul>                        <div class=\"bottom\">\r\n                        \t                            <div class=\"call\">\r\n                                <div class=\"icon\">\r\n                                \t<a href=\"tel:0(224)2435121\">\r\n                                                                                <i class=\"flaticon-telephone\"><\/i>\r\n                                    \t                                    \t                                        <div class=\"contact\">\r\n                                            <h4>0 (224) 243 5121<\/h4>\r\n                                            <span>Fenomen \u0130n\u015faat<\/span>\r\n                                        <\/div>\r\n                                    <\/a>\r\n                                <\/div>\r\n                            <\/div>\r\n                                                                                <\/div>\r\n                    <\/div>\r\n                <\/div>\r\n            <\/div>\r\n        <\/div>\r\n    <\/div>\r\n    <!-- End Our About -->\r\n\r\n\t\t\t\t\t<\/div>\n\t\t\t\t<\/div>\n\t\t\t\t\t<\/div>\n\t\t<\/div>\n\t\t\t\t\t<\/div>\n\t\t<\/section>\n\t\t\t\t<section class=\"elementor-section elementor-top-section elementor-element elementor-element-50fbb0d elementor-section-full_width elementor-section-stretched elementor-section-height-default elementor-section-height-default\" data-id=\"50fbb0d\" data-element_type=\"section\" data-e-type=\"section\" data-settings=\"{&quot;stretch_section&quot;:&quot;section-stretched&quot;}\">\n\t\t\t\t\t\t<div class=\"elementor-container elementor-column-gap-no\">\n\t\t\t\t\t<div class=\"elementor-column elementor-col-100 elementor-top-column elementor-element elementor-element-73a74a2\" data-id=\"73a74a2\" data-element_type=\"column\" data-e-type=\"column\">\n\t\t\t<div class=\"elementor-widget-wrap elementor-element-populated\">\n\t\t\t\t\t\t<div class=\"elementor-element elementor-element-94d4f76 elementor-widget elementor-widget-chose\" data-id=\"94d4f76\" data-element_type=\"widget\" data-e-type=\"widget\" data-widget_type=\"chose.default\">\n\t\t\t\t<div class=\"elementor-widget-container\">\n\t\t\t\t\t    <!-- Start Choose Us v2\r\n    ============================================= -->\r\n    <div class=\"chooseus-area default-padding-top bg-dark text-light half-bg\">\r\n        <div class=\"container\">\r\n            <div class=\"row align-center\">\r\n                <div class=\"col-lg-6 thumb\">\r\n                    <div class=\"thumb-inner \">\r\n                        <img decoding=\"async\" class=\"item-mousemove\" src=\"https:\/\/fenomeninsaat.com.tr\/wp-content\/uploads\/2021\/10\/1-3-1-1.jpg\" alt=\"dustra\">\r\n                    <\/div>\r\n                <\/div>\r\n                <div class=\"col-lg-6 info\">\r\n                    <div class=\"content\">\r\n                        <h2>Fenomen \u0130n\u015faat Ve Gayrimenkul<\/h2>\r\n                        <ul>\r\n                            \t                            <li>\r\n\t                            \t\t                                \t<h5>Misyonumuz<\/h5>\r\n\t                            \t\t                            \t\t                                \t<p>Firmam\u0131z proje ve \u00fcretim konusunda uzman ekipleri ve \u00e7\u00f6z\u00fcm ortaklar\u0131 ile t\u00fcm uygulama faaliyetlerini \u00e7evreci  bir bak\u0131\u015f a\u00e7\u0131s\u0131 \u00e7er\u00e7evesinde planlay\u0131p bu y\u00f6nde gerekli kaynaklar\u0131 kullanarak gelecek ku\u015faklara do\u011fal ve ya\u015fan\u0131las\u0131 ya\u015fam alanlar\u0131 olu\u015fturmay\u0131 kendisine misyon edinmi\u015ftir.<\/p>\r\n\t                                \t                            <\/li>\r\n                            \t                            <li>\r\n\t                            \t\t                                \t<h5>Vizyonumuz<\/h5>\r\n\t                            \t\t                            \t\t                                \t<p>Fenomen M\u00fchendislik, Mimarl\u0131k ve \u0130n\u015faat firmas\u0131 , \u00fclke ekonomisine katk\u0131da bulunan toplumsal sorumluluklar\u0131n bilincinde \u00e7evreye duyarl\u0131 bir \u015firket olarak; projeleriyle, in\u015faat kalitesiyle farkl\u0131 olmay\u0131, i\u015flevsel estetik ve sa\u011flam yap\u0131lar in\u015fa etmeyi hedeflemektedir.<\/p>\r\n\t                                \t                            <\/li>\r\n                                                    <\/ul>\r\n                    <\/div>\r\n                <\/div>\r\n            <\/div>\r\n        <\/div>\r\n    <\/div>\r\n    <!-- End Chooseus Area v2-->\r\n\t\t\t\t<\/div>\n\t\t\t\t<\/div>\n\t\t\t\t\t<\/div>\n\t\t<\/div>\n\t\t\t\t\t<\/div>\n\t\t<\/section>\n\t\t\t\t<\/div>\n\t\t","protected":false},"excerpt":{"rendered":"<p>10+ Y\u0131ld\u0131r sizlere hizmet veriyoruz Fenomen M\u00fchendislik ve Gayrimenkul Fenomen M\u00fchendislik, Mimarl\u0131k ve \u0130n\u015faat firmas\u0131\u00a0 10 y\u0131l\u0131 a\u015fk\u0131n s\u00fcredir yurti\u00e7i ve yurtd\u0131\u015f\u0131 deneyimini g\u00fcn\u00fcm\u00fcz ko\u015fullar\u0131nda harmanlayarak m\u00fc\u015fteri memnuniyetinden taviz vermeden yapt\u0131\u011f\u0131 i\u015flere aktaran mimar ve m\u00fchendis ortaklar taraf\u0131ndan kurulmu\u015ftur. M\u00fchendislik Hizmetlerimiz Gayrimenkul De\u011ferleme &nbsp; 0 (224) 243 5121 Fenomen \u0130n\u015faat Fenomen \u0130n\u015faat Ve Gayrimenkul Misyonumuz [&hellip;]<\/p>\n","protected":false},"author":1,"featured_media":0,"parent":0,"menu_order":0,"comment_status":"closed","ping_status":"closed","template":"page-template\/dustra-template.php","meta":{"footnotes":""},"class_list":["post-199","page","type-page","status-publish","hentry"],"_links":{"self":[{"href":"https:\/\/fenomeninsaat.com.tr\/index.php\/wp-json\/wp\/v2\/pages\/199","targetHints":{"allow":["GET"]}}],"collection":[{"href":"https:\/\/fenomeninsaat.com.tr\/index.php\/wp-json\/wp\/v2\/pages"}],"about":[{"href":"https:\/\/fenomeninsaat.com.tr\/index.php\/wp-json\/wp\/v2\/types\/page"}],"author":[{"embeddable":true,"href":"https:\/\/fenomeninsaat.com.tr\/index.php\/wp-json\/wp\/v2\/users\/1"}],"replies":[{"embeddable":true,"href":"https:\/\/fenomeninsaat.com.tr\/index.php\/wp-json\/wp\/v2\/comments?post=199"}],"version-history":[{"count":8,"href":"https:\/\/fenomeninsaat.com.tr\/index.php\/wp-json\/wp\/v2\/pages\/199\/revisions"}],"predecessor-version":[{"id":2584,"href":"https:\/\/fenomeninsaat.com.tr\/index.php\/wp-json\/wp\/v2\/pages\/199\/revisions\/2584"}],"wp:attachment":[{"href":"https:\/\/fenomeninsaat.com.tr\/index.php\/wp-json\/wp\/v2\/media?parent=199"}],"curies":[{"name":"wp","href":"https:\/\/api.w.org\/{rel}","templated":true}]}}