{"id":1100,"date":"2016-03-16T19:50:28","date_gmt":"2016-03-16T19:50:28","guid":{"rendered":"https:\/\/houzez05.favethemes.com\/?page_id=1100"},"modified":"2025-11-11T00:54:21","modified_gmt":"2025-11-10T21:54:21","slug":"fenomen-insaat-iletisim","status":"publish","type":"page","link":"https:\/\/fenomeninsaat.com.tr\/index.php\/fenomen-insaat-iletisim\/","title":{"rendered":"Fenomen \u0130n\u015faat \u0130leti\u015fim"},"content":{"rendered":"<p>[vc_row css=&#8221;.vc_custom_1452509933393{margin-bottom: 41px !important;}&#8221;][vc_column width=&#8221;2\/3&#8243;][vc_gmaps link=&#8221;#E-8_JTNDaWZyYW1lJTIwc3JjJTNEJTIyaHR0cHMlM0ElMkYlMkZ3d3cuZ29vZ2xlLmNvbSUyRm1hcHMlMkZlbWJlZCUzRnBiJTNEJTIxMW0xOCUyMTFtMTIlMjExbTMlMjExZDQ1Mi45NzQzMzA4Mzc2NTI1MyUyMTJkMjguOTk1NjM5ODM5NDU1NDc4JTIxM2Q0MC4yMDM4MTQ1ODY4NzkyMiUyMTJtMyUyMTFmMCUyMTJmMCUyMTNmMCUyMTNtMiUyMTFpMTAyNCUyMTJpNzY4JTIxNGYxMy4xJTIxM20zJTIxMW0yJTIxMXMweDE0Y2ExNzFkZjlmYjBmYzUlMjUzQTB4M2I4NTIwZjI3NGI5ODhhMiUyMTJzRUZFJTI1MjBZQVBJJTIxNWUwJTIxM20yJTIxMXN0ciUyMTJzdHIlMjE0djE2NTE5NTk2MDM0MjAlMjE1bTIlMjExc3RyJTIxMnN0ciUyMiUyMHdpZHRoJTNEJTIyNjAwJTIyJTIwaGVpZ2h0JTNEJTIyNDUwJTIyJTIwc3R5bGUlM0QlMjJib3JkZXIlM0EwJTNCJTIyJTIwYWxsb3dmdWxsc2NyZWVuJTNEJTIyJTIyJTIwbG9hZGluZyUzRCUyMmxhenklMjIlMjByZWZlcnJlcnBvbGljeSUzRCUyMm5vLXJlZmVycmVyLXdoZW4tZG93bmdyYWRlJTIyJTNFJTNDJTJGaWZyYW1lJTNF&#8221; size=&#8221;330px&#8221;][\/vc_column][vc_column width=&#8221;1\/3&#8243;][vc_row_inner][vc_column_inner][vc_column_text]<strong>\u0130leti\u015fim Bilgileri<\/strong><\/p>\n<p><i class=\"fa fa-map-marker\"><\/i>Efe Plaza Odunluk Mahallesi<\/p>\n<p>\u0130brahim \u0130\u015fsevenler Caddesi, 702. Sokak No:5\/15<\/p>\n<p>Nil\u00fcfer\/Bursa<\/p>\n<p><i class=\"fa fa-phone\"><\/i> 0 (224) 243 51 21<\/p>\n<p><i class=\"fa fa-mobile-phone\"><\/i> 0 (506) 504 89 57<\/p>\n<p><i class=\"fa fa-mobile-phone\"><\/i> 0 (541) 769 66 04<\/p>\n<p><i class=\"fa fa-envelope\"><\/i><a class=\"\" href=\"mailto:info@fenomeninsaat.com.tr\"> info@fenomeninsaat.com.tr<\/a>[\/vc_column_text][\/vc_column_inner][\/vc_row_inner][\/vc_column][\/vc_row]<\/p>\n","protected":false},"excerpt":{"rendered":"<p>[vc_row css=&#8221;.vc_custom_1452509933393{margin-bottom: 41px !important;}&#8221;][vc_column width=&#8221;2\/3&#8243;][vc_gmaps link=&#8221;#E-8_JTNDaWZyYW1lJTIwc3JjJTNEJTIyaHR0cHMlM0ElMkYlMkZ3d3cuZ29vZ2xlLmNvbSUyRm1hcHMlMkZlbWJlZCUzRnBiJTNEJTIxMW0xOCUyMTFtMTIlMjExbTMlMjExZDQ1Mi45NzQzMzA4Mzc2NTI1MyUyMTJkMjguOTk1NjM5ODM5NDU1NDc4JTIxM2Q0MC4yMDM4MTQ1ODY4NzkyMiUyMTJtMyUyMTFmMCUyMTJmMCUyMTNmMCUyMTNtMiUyMTFpMTAyNCUyMTJpNzY4JTIxNGYxMy4xJTIxM20zJTIxMW0yJTIxMXMweDE0Y2ExNzFkZjlmYjBmYzUlMjUzQTB4M2I4NTIwZjI3NGI5ODhhMiUyMTJzRUZFJTI1MjBZQVBJJTIxNWUwJTIxM20yJTIxMXN0ciUyMTJzdHIlMjE0djE2NTE5NTk2MDM0MjAlMjE1bTIlMjExc3RyJTIxMnN0ciUyMiUyMHdpZHRoJTNEJTIyNjAwJTIyJTIwaGVpZ2h0JTNEJTIyNDUwJTIyJTIwc3R5bGUlM0QlMjJib3JkZXIlM0EwJTNCJTIyJTIwYWxsb3dmdWxsc2NyZWVuJTNEJTIyJTIyJTIwbG9hZGluZyUzRCUyMmxhenklMjIlMjByZWZlcnJlcnBvbGljeSUzRCUyMm5vLXJlZmVycmVyLXdoZW4tZG93bmdyYWRlJTIyJTNFJTNDJTJGaWZyYW1lJTNF&#8221; size=&#8221;330px&#8221;][\/vc_column][vc_column width=&#8221;1\/3&#8243;][vc_row_inner][vc_column_inner][vc_column_text]\u0130leti\u015fim Bilgileri Efe Plaza Odunluk Mahallesi \u0130brahim \u0130\u015fsevenler Caddesi, 702. Sokak No:5\/15 Nil\u00fcfer\/Bursa 0 (224) 243 51 21 0 (506) 504 89 57 0 (541) 769 66 04 info@fenomeninsaat.com.tr[\/vc_column_text][\/vc_column_inner][\/vc_row_inner][\/vc_column][\/vc_row]<\/p>\n","protected":false},"author":1,"featured_media":0,"parent":0,"menu_order":0,"comment_status":"closed","ping_status":"closed","template":"","meta":{"footnotes":""},"class_list":["post-1100","page","type-page","status-publish","hentry"],"_links":{"self":[{"href":"https:\/\/fenomeninsaat.com.tr\/index.php\/wp-json\/wp\/v2\/pages\/1100","targetHints":{"allow":["GET"]}}],"collection":[{"href":"https:\/\/fenomeninsaat.com.tr\/index.php\/wp-json\/wp\/v2\/pages"}],"about":[{"href":"https:\/\/fenomeninsaat.com.tr\/index.php\/wp-json\/wp\/v2\/types\/page"}],"author":[{"embeddable":true,"href":"https:\/\/fenomeninsaat.com.tr\/index.php\/wp-json\/wp\/v2\/users\/1"}],"replies":[{"embeddable":true,"href":"https:\/\/fenomeninsaat.com.tr\/index.php\/wp-json\/wp\/v2\/comments?post=1100"}],"version-history":[{"count":22,"href":"https:\/\/fenomeninsaat.com.tr\/index.php\/wp-json\/wp\/v2\/pages\/1100\/revisions"}],"predecessor-version":[{"id":2762,"href":"https:\/\/fenomeninsaat.com.tr\/index.php\/wp-json\/wp\/v2\/pages\/1100\/revisions\/2762"}],"wp:attachment":[{"href":"https:\/\/fenomeninsaat.com.tr\/index.php\/wp-json\/wp\/v2\/media?parent=1100"}],"curies":[{"name":"wp","href":"https:\/\/api.w.org\/{rel}","templated":true}]}}